{"id":96,"date":"2017-02-05T14:16:33","date_gmt":"2017-02-05T13:16:33","guid":{"rendered":"https:\/\/www.worte-die-bewegen.com%20\/?page_id=96"},"modified":"2025-10-29T16:18:54","modified_gmt":"2025-10-29T15:18:54","slug":"was-bedeutet-natuerliche-gesundheitslehre","status":"publish","type":"page","link":"https:\/\/www.worte-die-bewegen.com\/?page_id=96","title":{"rendered":"Trauerfeier &amp; Seelengespr\u00e4che"},"content":{"rendered":"<p>Mit einf\u00fchlsamen Worten, spiritueller Tiefe und liebevollem Blick begleite ich Sie beim Abschied eines geliebten Menschen \u2013 hin zum Licht, zur Annahme und zum inneren Frieden.<br \/><!--more--><\/p>\n<h3 data-start=\"626\" data-end=\"685\"><strong data-start=\"630\" data-end=\"685\">Den Tod und die Trauer in einem anderen Licht sehen<\/strong><\/h3>\n<p data-start=\"687\" data-end=\"992\">Die Trauer und den Tod in einem anderen Licht zu betrachten, kann helfen, Frieden mit dem Unvermeidlichen zu schlie\u00dfen.<br data-start=\"806\" data-end=\"809\" \/>Mit meinen Reden und Seelengespr\u00e4chen m\u00f6chte ich dazu beitragen, dass die Seele des verstorbenen Menschen sanft gleiten kann \u2013 auf ihrem Heimweg in die Einheit, in den ewigen Frieden.<\/p>\n<p><img loading=\"lazy\" decoding=\"async\" class=\"alignnone size-medium wp-image-853\" src=\"https:\/\/www.worte-die-bewegen.com\/wp-content\/uploads\/2022\/02\/Abschied-300x255.png\" alt=\"\" width=\"300\" height=\"255\" srcset=\"https:\/\/www.worte-die-bewegen.com\/wp-content\/uploads\/2022\/02\/Abschied-300x255.png 300w, https:\/\/www.worte-die-bewegen.com\/wp-content\/uploads\/2022\/02\/Abschied-768x653.png 768w, https:\/\/www.worte-die-bewegen.com\/wp-content\/uploads\/2022\/02\/Abschied-1024x870.png 1024w, https:\/\/www.worte-die-bewegen.com\/wp-content\/uploads\/2022\/02\/Abschied-648x551.png 648w, https:\/\/www.worte-die-bewegen.com\/wp-content\/uploads\/2022\/02\/Abschied-226x192.png 226w, https:\/\/www.worte-die-bewegen.com\/wp-content\/uploads\/2022\/02\/Abschied.png 1280w\" sizes=\"auto, (max-width: 300px) 100vw, 300px\" \/><\/p>\n<h3 data-start=\"1050\" data-end=\"1137\"><strong data-start=\"1054\" data-end=\"1137\">Spirituelle Trauerbegleitung &amp; Seelengespr\u00e4che \u2013 Verbindung \u00fcber den Tod hinaus<\/strong><\/h3>\n<p data-start=\"1139\" data-end=\"1604\">Es ist mir ein gro\u00dfes Anliegen, den Umgang mit Abschied, Tod und Trauer zu ver\u00e4ndern \u2013 hin zu Annahme, Dankbarkeit, Harmonie und innerem Frieden.<br data-start=\"1284\" data-end=\"1287\" \/>In meinen <strong data-start=\"1297\" data-end=\"1317\">Seelengespr\u00e4chen<\/strong> geht es um den liebevollen, bewussten Kontakt zu Verstorbenen und die <strong data-start=\"1388\" data-end=\"1416\">Arbeit mit unseren Ahnen<\/strong>, um Heilung und Vers\u00f6hnung auf seelischer Ebene zu erm\u00f6glichen.<br data-start=\"1480\" data-end=\"1483\" \/>So kann Frieden entstehen \u2013 in uns, in unseren Familien und in der Verbindung zu den Seelen, die vor uns gegangen sind.<\/p>\n<p data-start=\"1606\" data-end=\"1786\">Meine <strong data-start=\"1612\" data-end=\"1642\">Trauerreden und Zeremonien<\/strong> \u00f6ffnen dabei einen Raum f\u00fcr Stille, Verbindung und liebevolles Erinnern \u2013 f\u00fcr einen w\u00fcrdevollen Abschied, der Trost spendet und Herzen ber\u00fchrt.<\/p>\n<h3 data-start=\"1788\" data-end=\"1847\"><strong data-start=\"1792\" data-end=\"1847\">Pers\u00f6nliche Reden f\u00fcr eine individuelle Trauerfeier<\/strong><\/h3>\n<p data-start=\"1849\" data-end=\"2146\">F\u00fcr eine umfassende und pers\u00f6nliche W\u00fcrdigung des Verstorbenen f\u00fchre ich mit Ihnen ein intensives Vorgespr\u00e4ch.<br data-start=\"1959\" data-end=\"1962\" \/>Durch Ihre Erz\u00e4hlungen und Erinnerungen entsteht ein lebendiges Bild des Menschen, der gegangen ist.<br data-start=\"2062\" data-end=\"2065\" \/>Auch Freunde und Verwandte sind herzlich eingeladen, ihre Erinnerungen zu teilen.<\/p>\n<p data-start=\"2148\" data-end=\"2371\">Wie hat der Verstorbene gelebt? Was hat ihn bewegt? Welche Geschichten verbinden Sie mit ihm?<br data-start=\"2241\" data-end=\"2244\" \/>Gemeinsam wecken wir wundervolle Erinnerungen, die in Ihnen und Ihren Herzen weiterleben \u2013 als Spuren der Liebe und des Lichts.<\/p>\n<h3 data-start=\"2373\" data-end=\"2406\"><strong data-start=\"2377\" data-end=\"2406\">Vertrauen &amp; R\u00fcckmeldungen<\/strong><\/h3>\n<p data-start=\"2408\" data-end=\"2729\">Viele Angeh\u00f6rige sch\u00e4tzen meine einf\u00fchlsame Art und die Tiefe meiner Worte.<br data-start=\"2483\" data-end=\"2486\" \/>Das zeigen auch zahlreiche <strong data-start=\"2513\" data-end=\"2540\">F\u00fcnf-Sterne-Bewertungen<\/strong>, die ich f\u00fcr meine Reden und Zeremonien erhalten habe.<br data-start=\"2595\" data-end=\"2598\" \/>Hier k\u00f6nnen Sie meine Referenzen und Bewertungen ansehen:<br data-start=\"2655\" data-end=\"2658\" \/><a class=\"decorated-link\" href=\"https:\/\/share.google\/7IbE1VqlISoc6AdYW\" target=\"_new\" rel=\"noopener\" data-start=\"2661\" data-end=\"2729\">Google-Bewertungen ansehen<\/a><\/p>\n<p><em>\u201eWas man tief in seinem Herzen besitzt, kann man nicht durch den Tod verlieren.\u201c<\/em><\/p>\n<p><em>Johann Wolfgang Goethe<\/em><\/p>\n\n\n<p><\/p>\n","protected":false},"excerpt":{"rendered":"<p>Mit einf\u00fchlsamen Worten, spiritueller Tiefe und liebevollem Blick begleite ich Sie beim Abschied eines geliebten Menschen \u2013 hin zum Licht, zur Annahme und zum inneren Frieden.<\/p>\n","protected":false},"author":1,"featured_media":849,"parent":12,"menu_order":0,"comment_status":"closed","ping_status":"closed","template":"page-templates\/full-width-page.php","meta":{"footnotes":""},"class_list":["post-96","page","type-page","status-publish","has-post-thumbnail","hentry"],"jetpack_sharing_enabled":true,"_links":{"self":[{"href":"https:\/\/www.worte-die-bewegen.com\/index.php?rest_route=\/wp\/v2\/pages\/96","targetHints":{"allow":["GET"]}}],"collection":[{"href":"https:\/\/www.worte-die-bewegen.com\/index.php?rest_route=\/wp\/v2\/pages"}],"about":[{"href":"https:\/\/www.worte-die-bewegen.com\/index.php?rest_route=\/wp\/v2\/types\/page"}],"author":[{"embeddable":true,"href":"https:\/\/www.worte-die-bewegen.com\/index.php?rest_route=\/wp\/v2\/users\/1"}],"replies":[{"embeddable":true,"href":"https:\/\/www.worte-die-bewegen.com\/index.php?rest_route=%2Fwp%2Fv2%2Fcomments&post=96"}],"version-history":[{"count":39,"href":"https:\/\/www.worte-die-bewegen.com\/index.php?rest_route=\/wp\/v2\/pages\/96\/revisions"}],"predecessor-version":[{"id":1070,"href":"https:\/\/www.worte-die-bewegen.com\/index.php?rest_route=\/wp\/v2\/pages\/96\/revisions\/1070"}],"up":[{"embeddable":true,"href":"https:\/\/www.worte-die-bewegen.com\/index.php?rest_route=\/wp\/v2\/pages\/12"}],"wp:featuredmedia":[{"embeddable":true,"href":"https:\/\/www.worte-die-bewegen.com\/index.php?rest_route=\/wp\/v2\/media\/849"}],"wp:attachment":[{"href":"https:\/\/www.worte-die-bewegen.com\/index.php?rest_route=%2Fwp%2Fv2%2Fmedia&parent=96"}],"curies":[{"name":"wp","href":"https:\/\/api.w.org\/{rel}","templated":true}]}}