{"id":85,"date":"2017-02-05T14:09:14","date_gmt":"2017-02-05T13:09:14","guid":{"rendered":"https:\/\/www.worte-die-bewegen.com%20\/?page_id=85"},"modified":"2025-10-10T20:48:12","modified_gmt":"2025-10-10T18:48:12","slug":"seminare-und-vortraege","status":"publish","type":"page","link":"https:\/\/www.worte-die-bewegen.com\/?page_id=85","title":{"rendered":"Begleitung f\u00fcr Mensch und Tier"},"content":{"rendered":"<p>Gerne begleite ich Sie auf Ihrem Lebensweg \u00fcber eine Rede hinaus \u2013 ob Trauerbegleitung, Aufstellung (Familie, Unternehmen), nach einer Trennung oder um Ihnen eine Stimme zu geben, wenn Ihnen die Worte fehlen.<\/p>\n<p><!--more--><\/p>\n<h3><strong>Seelengespr\u00e4che<\/strong><\/h3>\n<p>Basis der Seelengespr\u00e4che sind meine Sensitivit\u00e4t und Medialit\u00e4t, also meine F\u00e4higkeit, f\u00fcr Sie relevante geistige Botschaften zu empfangen und wiederzugeben &#8211; z.B. von Verstorbenen.<\/p>\n<p>Es geht darum, Ihnen L\u00f6sungen anzubieten, die zu Selbstverantwortung, Selbsterkenntnis, Frieden, Klarheit und Freiheit in allen Bereichen des Lebens f\u00fchren &#8211; mit Empathie, jahrelanger Erfahrung und erprobten Techniken.<\/p>\n<p>Neben Einzelgespr\u00e4chen sind auch Gruppengespr\u00e4che m\u00f6glich.<\/p>\n<p><img loading=\"lazy\" decoding=\"async\" class=\"alignnone size-medium wp-image-406\" src=\"https:\/\/www.worte-die-bewegen.com\/wp-content\/uploads\/2020\/07\/milky-way-1023340_1920-300x200.jpg\" alt=\"\" width=\"300\" height=\"200\" srcset=\"https:\/\/www.worte-die-bewegen.com\/wp-content\/uploads\/2020\/07\/milky-way-1023340_1920-300x200.jpg 300w, https:\/\/www.worte-die-bewegen.com\/wp-content\/uploads\/2020\/07\/milky-way-1023340_1920-768x512.jpg 768w, https:\/\/www.worte-die-bewegen.com\/wp-content\/uploads\/2020\/07\/milky-way-1023340_1920-1024x683.jpg 1024w, https:\/\/www.worte-die-bewegen.com\/wp-content\/uploads\/2020\/07\/milky-way-1023340_1920-648x432.jpg 648w, https:\/\/www.worte-die-bewegen.com\/wp-content\/uploads\/2020\/07\/milky-way-1023340_1920-288x192.jpg 288w, https:\/\/www.worte-die-bewegen.com\/wp-content\/uploads\/2020\/07\/milky-way-1023340_1920.jpg 1920w\" sizes=\"auto, (max-width: 300px) 100vw, 300px\" \/><\/p>\n<h3><strong>Self-Processing<\/strong><\/h3>\n<p>Erkennen von unbewussten Glaubenss\u00e4tzen und Verhaltensmustern aber auch St\u00e4rken und Potentialen. Transformieren von Wut, Angst, Leid in Frieden, Freude und Vertrauen.<\/p>\n<p>W\u00e4hrend des Self-Processings d\u00fcrfen Sie sich mit Hilfe meiner Anleitung selbst ein Bild von Ihrem Anliegen machen, gelangen zur Erkenntnis und Transformation.<\/p>\n<p>Losl\u00f6sung von Blockaden, \u00c4ngsten, Spannungen erfolgt durch Erkenntnis. Je nach Situation werden hierbei verschiedene Techniken eingesetzt wie z.B. die Reise zum inneren Kind oder das Begeben in die verschiedenen Chakren bzw. Energiezentren des K\u00f6rpers.<\/p>\n<p>Lassen Sie sich in eigene Bilder f\u00fchren, schlie\u00dfen Sie Ihre Augen, entspannen Sie und entdecken Sie Ihre eigene Heilkraft \u2013 psychisch wie physisch.<\/p>\n<p><img loading=\"lazy\" decoding=\"async\" class=\"alignnone size-medium wp-image-531\" src=\"http:\/\/www.worte-die-bewegen.com \/wp-content\/uploads\/2017\/02\/self-processing-300x157.jpg\" alt=\"\" width=\"300\" height=\"157\" srcset=\"https:\/\/www.worte-die-bewegen.com\/wp-content\/uploads\/2017\/02\/self-processing-300x157.jpg 300w, https:\/\/www.worte-die-bewegen.com\/wp-content\/uploads\/2017\/02\/self-processing-366x192.jpg 366w, https:\/\/www.worte-die-bewegen.com\/wp-content\/uploads\/2017\/02\/self-processing.jpg 479w\" sizes=\"auto, (max-width: 300px) 100vw, 300px\" \/><\/p>\n<h3>Trauerbegleitung<\/h3>\n<p>Selbst, wenn der Tod meist absehbar ist, wenn alte oder sehr kranke Menschen sterben, \u00fcberfordert Angeh\u00f6rige der Moment, in dem es passiert. Wer dabei ist, wenn ein geliebter Mensch oder auch ein geliebtes Tier den letzten Atemzug tut, oder einen Angeh\u00f6rigen tot vorfindet, kommt emotional an seine Grenzen. Es ist ein Schock. &#8222;Und nun?&#8220; fragen wir uns. Wie verhalte ich mich? Was mache ich jetzt? Zus\u00e4tzlich zur emotionalen Herausforderung haben Hinterbliebene nach dem Tod eines Angeh\u00f6rigen jede Menge Formalit\u00e4ten zu erledigen und viel zu organisieren. Schaue Dir meine Angebote kurz-, mittel- und langfristiger Trauerbegleitung an. Ich lasse Dich nicht allein.<\/p>\n<table>\n<thead>\n<tr>\n<th><strong>Begleitung<\/strong><\/th>\n<th><strong>Dauer \/ Zeitraum<\/strong><\/th>\n<th><strong>Anzahl Sitzungen<\/strong><\/th>\n<th><strong>Leistungen<\/strong><\/th>\n<th><strong>Preis Online \/ Telefonisch<\/strong><\/th>\n<th><strong>Preis Vor Ort<\/strong><\/th>\n<\/tr>\n<\/thead>\n<tbody>\n<tr>\n<td><strong>Kurzfristige Begleitung \u2013 \u201eErste Schritte durch den Schmerz\u201c<\/strong><\/td>\n<td>1\u20133 Wochen<\/td>\n<td>1\u20133 Sitzungen \u00e0 60 Min<\/td>\n<td>\u2022 Erstgespr\u00e4ch &amp; emotionale Standortbestimmung \u2022 Begleitung bei akuter Trauer, Schock, Unruhe \u2022 Telefon-\/Mailkontakt zwischen Terminen<\/td>\n<td>90\u2013270 \u20ac<\/td>\n<td>90\u2013270 \u20ac (ggf. zzgl. Fahrtkosten)<\/td>\n<\/tr>\n<tr>\n<td><strong>Mittelfristige Begleitung \u2013 \u201eTrauer verstehen &amp; integrieren\u201c<\/strong><\/td>\n<td>2\u20136 Monate<\/td>\n<td>6\u201310 Sitzungen \u00e0 60 Min<\/td>\n<td>\u2022 Vertiefte Trauerarbeit (Emotionen, Erinnerungen, Loslassen) \u2022 Rituale &amp; individuelle \u00dcbungen \u2022 Reflexionsmaterialien \u2022 Nachgespr\u00e4ch &amp; telefonischer Support<\/td>\n<td>540\u2013900 \u20ac<\/td>\n<td>540\u2013900 \u20ac<\/td>\n<\/tr>\n<tr>\n<td><strong>Langfristige Begleitung \u2013 \u201eMit der Trauer leben lernen\u201c<\/strong><\/td>\n<td>6\u201312 Monate<\/td>\n<td>12\u201320 Sitzungen \u00e0 60 Min<\/td>\n<td>\u2022 Begleitung durch verschiedene Trauerphasen \u2022 Individuelle Rituale, Jahresbegleitung \u2022 Krisenbegleitung bei Feiertagen &amp; Jahrestagen \u2022 Abschluss- &amp; R\u00fcckblickgespr\u00e4ch<\/td>\n<td>1.080\u20131.800 \u20ac<\/td>\n<td>1.080\u20131.800 \u20ac<\/td>\n<\/tr>\n<\/tbody>\n<\/table>\n\n\n<h3 class=\"wp-block-heading\">\ud83d\udca1 Hinweise<\/h3>\n\n\n\n<ul class=\"wp-block-list\">\n<li>Jede Sitzung dauert <strong>60 Minuten<\/strong> \u2192 90\u202f\u20ac\/h.<\/li>\n\n\n\n<li>Vor-Ort-Termine k\u00f6nnen zus\u00e4tzlich <strong>Fahrtkosten<\/strong> beinhalten, z.\u202fB. 10\u201325\u202f\u20ac pauschal.<\/li>\n\n\n\n<li>Paketpreise ergeben sich <strong>einfach durch Multiplikation der Sitzungen mit 90\u202f\u20ac<\/strong>.<\/li>\n\n\n\n<li>Flexibel kombinierbar: Online \/ Telefonisch oder Vor Ort.<\/li>\n<\/ul>\n\n\n<div class=\"wp-block-image\">\n<figure class=\"alignleft size-large is-resized\"><img loading=\"lazy\" decoding=\"async\" width=\"1024\" height=\"683\" src=\"https:\/\/www.worte-die-bewegen.com\/wp-content\/uploads\/2025\/10\/hund-2-menschen-1024x683.png\" alt=\"\" class=\"wp-image-1026\" style=\"width:340px;height:auto\" srcset=\"https:\/\/www.worte-die-bewegen.com\/wp-content\/uploads\/2025\/10\/hund-2-menschen-1024x683.png 1024w, https:\/\/www.worte-die-bewegen.com\/wp-content\/uploads\/2025\/10\/hund-2-menschen-300x200.png 300w, https:\/\/www.worte-die-bewegen.com\/wp-content\/uploads\/2025\/10\/hund-2-menschen-768x512.png 768w, https:\/\/www.worte-die-bewegen.com\/wp-content\/uploads\/2025\/10\/hund-2-menschen-648x432.png 648w, https:\/\/www.worte-die-bewegen.com\/wp-content\/uploads\/2025\/10\/hund-2-menschen-288x192.png 288w, https:\/\/www.worte-die-bewegen.com\/wp-content\/uploads\/2025\/10\/hund-2-menschen.png 1536w\" sizes=\"auto, (max-width: 1024px) 100vw, 1024px\" \/><\/figure><\/div>","protected":false},"excerpt":{"rendered":"<p>Gerne begleite ich Sie auf Ihrem Lebensweg \u00fcber eine Rede hinaus \u2013 ob Trauerbegleitung, Aufstellung (Familie, Unternehmen), nach einer Trennung oder um Ihnen eine Stimme zu geben, wenn Ihnen die Worte fehlen.<\/p>\n","protected":false},"author":1,"featured_media":848,"parent":12,"menu_order":6,"comment_status":"closed","ping_status":"closed","template":"page-templates\/grid-page.php","meta":{"footnotes":""},"class_list":["post-85","page","type-page","status-publish","has-post-thumbnail","hentry"],"jetpack_sharing_enabled":true,"_links":{"self":[{"href":"https:\/\/www.worte-die-bewegen.com\/index.php?rest_route=\/wp\/v2\/pages\/85","targetHints":{"allow":["GET"]}}],"collection":[{"href":"https:\/\/www.worte-die-bewegen.com\/index.php?rest_route=\/wp\/v2\/pages"}],"about":[{"href":"https:\/\/www.worte-die-bewegen.com\/index.php?rest_route=\/wp\/v2\/types\/page"}],"author":[{"embeddable":true,"href":"https:\/\/www.worte-die-bewegen.com\/index.php?rest_route=\/wp\/v2\/users\/1"}],"replies":[{"embeddable":true,"href":"https:\/\/www.worte-die-bewegen.com\/index.php?rest_route=%2Fwp%2Fv2%2Fcomments&post=85"}],"version-history":[{"count":65,"href":"https:\/\/www.worte-die-bewegen.com\/index.php?rest_route=\/wp\/v2\/pages\/85\/revisions"}],"predecessor-version":[{"id":1029,"href":"https:\/\/www.worte-die-bewegen.com\/index.php?rest_route=\/wp\/v2\/pages\/85\/revisions\/1029"}],"up":[{"embeddable":true,"href":"https:\/\/www.worte-die-bewegen.com\/index.php?rest_route=\/wp\/v2\/pages\/12"}],"wp:featuredmedia":[{"embeddable":true,"href":"https:\/\/www.worte-die-bewegen.com\/index.php?rest_route=\/wp\/v2\/media\/848"}],"wp:attachment":[{"href":"https:\/\/www.worte-die-bewegen.com\/index.php?rest_route=%2Fwp%2Fv2%2Fmedia&parent=85"}],"curies":[{"name":"wp","href":"https:\/\/api.w.org\/{rel}","templated":true}]}}