{"id":80,"date":"2017-02-05T13:48:31","date_gmt":"2017-02-05T12:48:31","guid":{"rendered":"https:\/\/www.worte-die-bewegen.com%20\/?page_id=80"},"modified":"2025-10-21T16:54:44","modified_gmt":"2025-10-21T14:54:44","slug":"80-2","status":"publish","type":"page","link":"https:\/\/www.worte-die-bewegen.com\/?page_id=80","title":{"rendered":"\u00dcber mich"},"content":{"rendered":"<p align=\"justify\"><strong>Agnes Mzyk, Jahrgang 1976, Freie Rednerin, Life Coach<br \/>\n<\/strong><\/p>\n<p align=\"justify\"><img loading=\"lazy\" decoding=\"async\" class=\"alignnone size-medium wp-image-142\" src=\"https:\/\/www.worte-die-bewegen.com\/wp-content\/uploads\/2017\/02\/AgnesMzyk-e1490641205512-300x261.jpg\" alt=\"\" width=\"300\" height=\"261\" \/><\/p>\n<p>Ob <strong data-start=\"601\" data-end=\"671\">Hochzeit, Taufe, Bestattung, Erbschaft, Familien- oder Firmenfeier<\/strong> \u2013 ich h\u00f6re Ihnen zu und gestalte gemeinsam mit Ihnen <strong data-start=\"725\" data-end=\"774\">einmalige Momente f\u00fcr Ihren besonderen Anlass<\/strong>. Meine Arbeitsweise ist <strong data-start=\"799\" data-end=\"847\">empathisch, emotional, kreativ und besonders<\/strong>, immer individuell auf Sie abgestimmt.<\/p>\n<p><!--more--><\/p>\n<p data-start=\"890\" data-end=\"1074\">Ich habe gro\u00dfe Freude am Umgang mit Menschen und ein tiefes Interesse an Ihren Geschichten. Aus dieser Grundhaltung heraus spreche und handle ich \u2013 mit Herz, Intuition und Achtsamkeit.<\/p>\n<p data-start=\"1076\" data-end=\"1280\">Seit mehreren Jahren besch\u00e4ftige ich mich intensiv mit <strong data-start=\"1131\" data-end=\"1161\">Rhetorik und Kommunikation<\/strong>. Neben Reden und Pr\u00e4sentationen hielt ich auch <strong data-start=\"1209\" data-end=\"1277\">Vortr\u00e4ge zu Gesundheit, Ern\u00e4hrung und ganzheitlicher Lebensweise<\/strong>.<\/p>\n<p data-start=\"1282\" data-end=\"1371\">Abgesehen von meiner T\u00e4tigkeit als Rednerin verf\u00fcge ich \u00fcber langj\u00e4hrige Erfahrung als:<\/p>\n<ul data-start=\"1372\" data-end=\"1501\">\n<li data-start=\"1372\" data-end=\"1424\">\n<p data-start=\"1374\" data-end=\"1424\"><strong data-start=\"1374\" data-end=\"1410\">Medium und systemische Beraterin<\/strong> (seit 2012)<\/p>\n<\/li>\n<li data-start=\"1425\" data-end=\"1467\">\n<p data-start=\"1427\" data-end=\"1467\"><strong data-start=\"1427\" data-end=\"1453\">Gesundheitspraktikerin<\/strong> (seit 2017)<\/p>\n<\/li>\n<li data-start=\"1468\" data-end=\"1501\">\n<p data-start=\"1470\" data-end=\"1501\"><strong data-start=\"1470\" data-end=\"1487\">IHK-Trainerin<\/strong> (seit 2016)<\/p>\n<\/li>\n<\/ul>\n<h3 data-start=\"1503\" data-end=\"1543\"><strong data-start=\"1507\" data-end=\"1543\">Begleitung \u00fcber die Feier hinaus<\/strong><\/h3>\n<p data-start=\"1545\" data-end=\"1744\">W\u00fcnschen Sie sich eine <strong data-start=\"1568\" data-end=\"1616\">pers\u00f6nliche Begleitung \u00fcber die Feier hinaus<\/strong>, zum Beispiel in Form von <strong data-start=\"1643\" data-end=\"1663\">Trauerbegleitung, Seelengespr\u00e4chen<\/strong> oder <strong data-start=\"1669\" data-end=\"1694\">Familienaufstellungen<\/strong>, stehe ich Ihnen gerne zur Verf\u00fcgung.<\/p>\n<p data-start=\"1746\" data-end=\"1813\">Ich freue mich darauf, von Ihnen zu h\u00f6ren und Sie kennenzulernen!<\/p>\n<h3 data-start=\"1815\" data-end=\"1830\"><strong data-start=\"1819\" data-end=\"1830\">Kontakt<\/strong><\/h3>\n<p data-start=\"1832\" data-end=\"1957\">\ud83d\udcde Telefon: 09302-5421922<br data-start=\"1857\" data-end=\"1860\" \/>\ud83d\udcf1 Mobil: 0176-24109763<br data-start=\"1883\" data-end=\"1886\" \/>\u2709\ufe0f E-Mail: <a class=\"decorated-link cursor-pointer\" rel=\"noopener\" data-start=\"1897\" data-end=\"1914\">info@worte-die-bewegen.com<\/a><br data-start=\"1914\" data-end=\"1917\" \/>\ud83d\udccd W\u00fcrzburg und Umgebung (Mainfranken)<\/p>\n<p data-start=\"1959\" data-end=\"1994\">Herzlichst,<br data-start=\"1970\" data-end=\"1973\" \/><strong data-start=\"1973\" data-end=\"1992\">Ihre Agnes Mzyk<\/strong><\/p>\n<p><img loading=\"lazy\" decoding=\"async\" class=\"alignnone size-medium wp-image-937\" src=\"https:\/\/www.worte-die-bewegen.com\/wp-content\/uploads\/2022\/08\/Visitenkarte-Agnes-Mzyk-Freie-Rednerin-271x300.jpg\" alt=\"\" width=\"271\" height=\"300\" srcset=\"https:\/\/www.worte-die-bewegen.com\/wp-content\/uploads\/2022\/08\/Visitenkarte-Agnes-Mzyk-Freie-Rednerin-271x300.jpg 271w, https:\/\/www.worte-die-bewegen.com\/wp-content\/uploads\/2022\/08\/Visitenkarte-Agnes-Mzyk-Freie-Rednerin-768x849.jpg 768w, https:\/\/www.worte-die-bewegen.com\/wp-content\/uploads\/2022\/08\/Visitenkarte-Agnes-Mzyk-Freie-Rednerin-926x1024.jpg 926w, https:\/\/www.worte-die-bewegen.com\/wp-content\/uploads\/2022\/08\/Visitenkarte-Agnes-Mzyk-Freie-Rednerin-648x716.jpg 648w, https:\/\/www.worte-die-bewegen.com\/wp-content\/uploads\/2022\/08\/Visitenkarte-Agnes-Mzyk-Freie-Rednerin-174x192.jpg 174w, https:\/\/www.worte-die-bewegen.com\/wp-content\/uploads\/2022\/08\/Visitenkarte-Agnes-Mzyk-Freie-Rednerin.jpg 1080w\" sizes=\"auto, (max-width: 271px) 100vw, 271px\" \/><\/p>\n","protected":false},"excerpt":{"rendered":"<p>Agnes Mzyk, Jahrgang 1976, Freie Rednerin, Life Coach Ob Hochzeit, Taufe, Bestattung, Erbschaft, Familien- oder Firmenfeier \u2013 ich h\u00f6re Ihnen zu und gestalte gemeinsam mit Ihnen einmalige Momente f\u00fcr Ihren besonderen Anlass. Meine Arbeitsweise ist empathisch, emotional, kreativ und besonders, immer individuell auf Sie abgestimmt.<\/p>\n","protected":false},"author":1,"featured_media":882,"parent":12,"menu_order":9,"comment_status":"closed","ping_status":"closed","template":"page-templates\/full-width-page.php","meta":{"footnotes":""},"class_list":["post-80","page","type-page","status-publish","has-post-thumbnail","hentry"],"jetpack_sharing_enabled":true,"_links":{"self":[{"href":"https:\/\/www.worte-die-bewegen.com\/index.php?rest_route=\/wp\/v2\/pages\/80","targetHints":{"allow":["GET"]}}],"collection":[{"href":"https:\/\/www.worte-die-bewegen.com\/index.php?rest_route=\/wp\/v2\/pages"}],"about":[{"href":"https:\/\/www.worte-die-bewegen.com\/index.php?rest_route=\/wp\/v2\/types\/page"}],"author":[{"embeddable":true,"href":"https:\/\/www.worte-die-bewegen.com\/index.php?rest_route=\/wp\/v2\/users\/1"}],"replies":[{"embeddable":true,"href":"https:\/\/www.worte-die-bewegen.com\/index.php?rest_route=%2Fwp%2Fv2%2Fcomments&post=80"}],"version-history":[{"count":41,"href":"https:\/\/www.worte-die-bewegen.com\/index.php?rest_route=\/wp\/v2\/pages\/80\/revisions"}],"predecessor-version":[{"id":1063,"href":"https:\/\/www.worte-die-bewegen.com\/index.php?rest_route=\/wp\/v2\/pages\/80\/revisions\/1063"}],"up":[{"embeddable":true,"href":"https:\/\/www.worte-die-bewegen.com\/index.php?rest_route=\/wp\/v2\/pages\/12"}],"wp:featuredmedia":[{"embeddable":true,"href":"https:\/\/www.worte-die-bewegen.com\/index.php?rest_route=\/wp\/v2\/media\/882"}],"wp:attachment":[{"href":"https:\/\/www.worte-die-bewegen.com\/index.php?rest_route=%2Fwp%2Fv2%2Fmedia&parent=80"}],"curies":[{"name":"wp","href":"https:\/\/api.w.org\/{rel}","templated":true}]}}