{"id":68,"date":"2017-02-05T12:37:25","date_gmt":"2017-02-05T11:37:25","guid":{"rendered":"https:\/\/www.worte-die-bewegen.com%20\/?page_id=68"},"modified":"2025-10-29T16:17:43","modified_gmt":"2025-10-29T15:17:43","slug":"weniger-ausgaben-fuer-medikamente-und-therapien","status":"publish","type":"page","link":"https:\/\/www.worte-die-bewegen.com\/?page_id=68","title":{"rendered":"Firmenevents und Unternehmensfeiern"},"content":{"rendered":"<p data-start=\"501\" data-end=\"724\">Ob <strong data-start=\"504\" data-end=\"641\">Er\u00f6ffnungsfeier, Weihnachtsfeier, Family-Day, Gesundheitstag, Dienstjubil\u00e4um, Firmenjubil\u00e4um oder Mitarbeiter- und Chefverabschiedung<\/strong> \u2013 eine starke, pers\u00f6nliche und emotionale Ansprache kann den Unterschied machen.<\/p>\n<p><!--more--><\/p>\n<p data-start=\"726\" data-end=\"1003\">Als <strong data-start=\"730\" data-end=\"748\">freie Rednerin<\/strong> gestalte ich f\u00fcr Sie Reden und Ansprachen, die <strong data-start=\"796\" data-end=\"841\">Motivation, Zusammenhalt und Begeisterung<\/strong> in Ihrem Team st\u00e4rken. Gerade in herausfordernden Zeiten k\u00f6nnen Worte inspirieren, Zuversicht schenken und das Wir-Gef\u00fchl innerhalb Ihres Unternehmens vertiefen.<\/p>\n<h3 data-start=\"1005\" data-end=\"1036\"><strong data-start=\"1009\" data-end=\"1036\">Botschaften, die wirken<\/strong><\/h3>\n<p data-start=\"1038\" data-end=\"1080\">Welche Botschaft m\u00f6chten Sie vermitteln?<\/p>\n<ul>\n<li>Dank und Anerkennung f\u00fcr besondere Leistungen?<\/li>\n<li>Motivation f\u00fcr neue Projekte und Ziele?<\/li>\n<li>Ehrung von Mitarbeitenden oder F\u00fchrungskr\u00e4ften?<\/li>\n<\/ul>\n<p data-start=\"1229\" data-end=\"1402\">Gemeinsam finden wir <strong data-start=\"1250\" data-end=\"1273\">die richtigen Worte<\/strong>, die Ihre Botschaft klar, emotional und professionell transportieren \u2013 abgestimmt auf Ihr Unternehmen, Ihre Werte und Ihr Event.<\/p>\n<h3 data-start=\"1404\" data-end=\"1453\"><strong data-start=\"1408\" data-end=\"1453\">Individuell, professionell &amp; wirkungsvoll<\/strong><\/h3>\n<p data-start=\"1455\" data-end=\"1736\">Jede Ansprache gestalte ich <strong data-start=\"1483\" data-end=\"1525\">ma\u00dfgeschneidert f\u00fcr Ihre Veranstaltung<\/strong> \u2013 sei es feierlich, motivierend, humorvoll oder inspirierend.<br data-start=\"1587\" data-end=\"1590\" \/>So wird Ihr <strong data-start=\"1602\" data-end=\"1617\">Firmenevent<\/strong> zu einem Moment, der in Erinnerung bleibt, Mitarbeiterinnen und Mitarbeiter st\u00e4rkt und Ihr Unternehmen sichtbar macht.<\/p>\n<p><img loading=\"lazy\" decoding=\"async\" class=\"alignnone size-medium wp-image-809\" src=\"https:\/\/www.worte-die-bewegen.com\/wp-content\/uploads\/2017\/02\/writing-954949_1280-300x94.jpg\" alt=\"\" width=\"300\" height=\"94\" srcset=\"https:\/\/www.worte-die-bewegen.com\/wp-content\/uploads\/2017\/02\/writing-954949_1280-300x94.jpg 300w, https:\/\/www.worte-die-bewegen.com\/wp-content\/uploads\/2017\/02\/writing-954949_1280-768x241.jpg 768w, https:\/\/www.worte-die-bewegen.com\/wp-content\/uploads\/2017\/02\/writing-954949_1280-1024x321.jpg 1024w, https:\/\/www.worte-die-bewegen.com\/wp-content\/uploads\/2017\/02\/writing-954949_1280-648x203.jpg 648w, https:\/\/www.worte-die-bewegen.com\/wp-content\/uploads\/2017\/02\/writing-954949_1280-583x183.jpg 583w, https:\/\/www.worte-die-bewegen.com\/wp-content\/uploads\/2017\/02\/writing-954949_1280.jpg 1280w\" sizes=\"auto, (max-width: 300px) 100vw, 300px\" \/><\/p>\n","protected":false},"excerpt":{"rendered":"<p>Ob Er\u00f6ffnungsfeier, Weihnachtsfeier, Family-Day, Gesundheitstag, Dienstjubil\u00e4um, Firmenjubil\u00e4um oder Mitarbeiter- und Chefverabschiedung \u2013 eine starke, pers\u00f6nliche und emotionale Ansprache kann den Unterschied machen.<\/p>\n","protected":false},"author":1,"featured_media":846,"parent":12,"menu_order":4,"comment_status":"closed","ping_status":"closed","template":"page-templates\/full-width-page.php","meta":{"footnotes":""},"class_list":["post-68","page","type-page","status-publish","has-post-thumbnail","hentry"],"jetpack_sharing_enabled":true,"_links":{"self":[{"href":"https:\/\/www.worte-die-bewegen.com\/index.php?rest_route=\/wp\/v2\/pages\/68","targetHints":{"allow":["GET"]}}],"collection":[{"href":"https:\/\/www.worte-die-bewegen.com\/index.php?rest_route=\/wp\/v2\/pages"}],"about":[{"href":"https:\/\/www.worte-die-bewegen.com\/index.php?rest_route=\/wp\/v2\/types\/page"}],"author":[{"embeddable":true,"href":"https:\/\/www.worte-die-bewegen.com\/index.php?rest_route=\/wp\/v2\/users\/1"}],"replies":[{"embeddable":true,"href":"https:\/\/www.worte-die-bewegen.com\/index.php?rest_route=%2Fwp%2Fv2%2Fcomments&post=68"}],"version-history":[{"count":32,"href":"https:\/\/www.worte-die-bewegen.com\/index.php?rest_route=\/wp\/v2\/pages\/68\/revisions"}],"predecessor-version":[{"id":1069,"href":"https:\/\/www.worte-die-bewegen.com\/index.php?rest_route=\/wp\/v2\/pages\/68\/revisions\/1069"}],"up":[{"embeddable":true,"href":"https:\/\/www.worte-die-bewegen.com\/index.php?rest_route=\/wp\/v2\/pages\/12"}],"wp:featuredmedia":[{"embeddable":true,"href":"https:\/\/www.worte-die-bewegen.com\/index.php?rest_route=\/wp\/v2\/media\/846"}],"wp:attachment":[{"href":"https:\/\/www.worte-die-bewegen.com\/index.php?rest_route=%2Fwp%2Fv2%2Fmedia&parent=68"}],"curies":[{"name":"wp","href":"https:\/\/api.w.org\/{rel}","templated":true}]}}