{"id":58,"date":"2017-02-05T11:39:53","date_gmt":"2017-02-05T10:39:53","guid":{"rendered":"https:\/\/www.worte-die-bewegen.com%20\/?page_id=58"},"modified":"2025-10-21T12:27:57","modified_gmt":"2025-10-21T10:27:57","slug":"gewicht-reduzieren","status":"publish","type":"page","link":"https:\/\/www.worte-die-bewegen.com\/?page_id=58","title":{"rendered":"Erbschaftsrede &amp; Seelengespr\u00e4che"},"content":{"rendered":"<p style=\"text-align: left;\">Durch meine <strong data-start=\"556\" data-end=\"596\">pers\u00f6nlichen und individuellen Worte<\/strong>, abgestimmt auf Sie als <strong data-start=\"621\" data-end=\"655\">einzigartige Erbengemeinschaft<\/strong>, begleite ich Sie mit einer <strong data-start=\"684\" data-end=\"702\">Erbschaftsrede<\/strong> oder <strong data-start=\"708\" data-end=\"728\">Seelengespr\u00e4chen<\/strong>, die <strong data-start=\"734\" data-end=\"789\">Bes\u00e4nftigung, Dankbarkeit, Harmonie und Miteinander<\/strong> f\u00f6rdern.<\/p>\n<p style=\"text-align: left;\"><!--more--><\/p>\n<p><img loading=\"lazy\" decoding=\"async\" class=\"alignnone size-medium wp-image-853\" src=\"https:\/\/www.worte-die-bewegen.com\/wp-content\/uploads\/2022\/02\/Abschied-300x255.png\" alt=\"\" width=\"300\" height=\"255\" srcset=\"https:\/\/www.worte-die-bewegen.com\/wp-content\/uploads\/2022\/02\/Abschied-300x255.png 300w, https:\/\/www.worte-die-bewegen.com\/wp-content\/uploads\/2022\/02\/Abschied-768x653.png 768w, https:\/\/www.worte-die-bewegen.com\/wp-content\/uploads\/2022\/02\/Abschied-1024x870.png 1024w, https:\/\/www.worte-die-bewegen.com\/wp-content\/uploads\/2022\/02\/Abschied-648x551.png 648w, https:\/\/www.worte-die-bewegen.com\/wp-content\/uploads\/2022\/02\/Abschied-226x192.png 226w, https:\/\/www.worte-die-bewegen.com\/wp-content\/uploads\/2022\/02\/Abschied.png 1280w\" sizes=\"auto, (max-width: 300px) 100vw, 300px\" \/><\/p>\n<p data-start=\"802\" data-end=\"935\">Nicht selten entstehen bei Erbf\u00e4llen <strong data-start=\"839\" data-end=\"873\">Unstimmigkeiten oder Konflikte<\/strong>. Die Ursachen f\u00fcr Erbstreitigkeiten k\u00f6nnen vielf\u00e4ltig sein:<\/p>\n<ul data-start=\"936\" data-end=\"1133\">\n<li data-start=\"936\" data-end=\"1001\">\n<p data-start=\"938\" data-end=\"1001\">gesetzliche Erbfolge, die nicht allen Erben gerecht erscheint<\/p>\n<\/li>\n<li data-start=\"1002\" data-end=\"1050\">\n<p data-start=\"1004\" data-end=\"1050\">die Entstehung einer neuen Erbengemeinschaft<\/p>\n<\/li>\n<li data-start=\"1051\" data-end=\"1133\">\n<p data-start=\"1053\" data-end=\"1133\">ein fehlerhaftes Testament oder Zweifel an der Testierf\u00e4higkeit des Erblassers<\/p>\n<\/li>\n<\/ul>\n<h3 data-start=\"1135\" data-end=\"1188\"><strong data-start=\"1139\" data-end=\"1188\">Systemische Sichtweise &amp; harmonische L\u00f6sungen<\/strong><\/h3>\n<p data-start=\"1190\" data-end=\"1468\">Als <strong data-start=\"1194\" data-end=\"1219\">systemische Beraterin<\/strong> betrachte ich die vorhandenen Schwierigkeiten und Konflikte im Gesamtzusammenhang.<br data-start=\"1302\" data-end=\"1305\" \/>Jeder Mensch beeinflusst seine Familie, sein Team oder seine Organisation durch seine Gedanken und Gef\u00fchle \u2013 und wird gleichzeitig von deren Energie beeinflusst.<\/p>\n<p data-start=\"1470\" data-end=\"1741\">In meinen <strong data-start=\"1480\" data-end=\"1499\">Erbschaftsreden<\/strong> mache ich diese Wechselwirkungen sichtbar und begleite Sie, die Situation zum Positiven zu ver\u00e4ndern. So entsteht ein <strong data-start=\"1618\" data-end=\"1644\">harmonisches \u201eEndbild\u201c<\/strong>, das die Familie wieder zusammenf\u00fchrt und eine Atmosph\u00e4re von Frieden und Verst\u00e4ndigung schafft.<\/p>\n<h3 data-start=\"1743\" data-end=\"1805\"><strong data-start=\"1747\" data-end=\"1805\">Individuelle Worte f\u00fcr ein wertsch\u00e4tzendes Miteinander<\/strong><\/h3>\n<p data-start=\"1807\" data-end=\"2150\">Mit individuell auf Ihre Erbengemeinschaft abgestimmten Worten erm\u00f6gliche ich eine Rede, die nicht nur die rechtlichen Aspekte ber\u00fccksichtigt, sondern auch <strong data-start=\"1963\" data-end=\"2001\">emotionale und spirituelle Kl\u00e4rung<\/strong> schafft.<br data-start=\"2010\" data-end=\"2013\" \/>So kann jede Erbschaftsfeier, jede \u00dcbergabe und jedes Erbgespr\u00e4ch zu einem <strong data-start=\"2088\" data-end=\"2121\">momentanen Anker der Harmonie<\/strong> f\u00fcr alle Beteiligten werden.<\/p>\n<p style=\"text-align: left;\"><i>\u201eJeder ist ein Spiegelbild von Dir \u2013 von Deinem eigenen Denken, das zu Dir zur\u00fcckkehrt.\u201c <\/i><\/p>\n<p style=\"text-align: left;\"><i>(Byron Katie \u2013 Lieben was ist)<\/i><\/p>\n","protected":false},"excerpt":{"rendered":"<p>Durch meine pers\u00f6nlichen und individuellen Worte, abgestimmt auf Sie als einzigartige Erbengemeinschaft, begleite ich Sie mit einer Erbschaftsrede oder Seelengespr\u00e4chen, die Bes\u00e4nftigung, Dankbarkeit, Harmonie und Miteinander f\u00f6rdern.<\/p>\n","protected":false},"author":1,"featured_media":844,"parent":12,"menu_order":3,"comment_status":"closed","ping_status":"closed","template":"page-templates\/full-width-page.php","meta":{"footnotes":""},"class_list":["post-58","page","type-page","status-publish","has-post-thumbnail","hentry"],"jetpack_sharing_enabled":true,"_links":{"self":[{"href":"https:\/\/www.worte-die-bewegen.com\/index.php?rest_route=\/wp\/v2\/pages\/58","targetHints":{"allow":["GET"]}}],"collection":[{"href":"https:\/\/www.worte-die-bewegen.com\/index.php?rest_route=\/wp\/v2\/pages"}],"about":[{"href":"https:\/\/www.worte-die-bewegen.com\/index.php?rest_route=\/wp\/v2\/types\/page"}],"author":[{"embeddable":true,"href":"https:\/\/www.worte-die-bewegen.com\/index.php?rest_route=\/wp\/v2\/users\/1"}],"replies":[{"embeddable":true,"href":"https:\/\/www.worte-die-bewegen.com\/index.php?rest_route=%2Fwp%2Fv2%2Fcomments&post=58"}],"version-history":[{"count":27,"href":"https:\/\/www.worte-die-bewegen.com\/index.php?rest_route=\/wp\/v2\/pages\/58\/revisions"}],"predecessor-version":[{"id":1058,"href":"https:\/\/www.worte-die-bewegen.com\/index.php?rest_route=\/wp\/v2\/pages\/58\/revisions\/1058"}],"up":[{"embeddable":true,"href":"https:\/\/www.worte-die-bewegen.com\/index.php?rest_route=\/wp\/v2\/pages\/12"}],"wp:featuredmedia":[{"embeddable":true,"href":"https:\/\/www.worte-die-bewegen.com\/index.php?rest_route=\/wp\/v2\/media\/844"}],"wp:attachment":[{"href":"https:\/\/www.worte-die-bewegen.com\/index.php?rest_route=%2Fwp%2Fv2%2Fmedia&parent=58"}],"curies":[{"name":"wp","href":"https:\/\/api.w.org\/{rel}","templated":true}]}}