{"id":44,"date":"2017-02-05T11:24:36","date_gmt":"2017-02-05T10:24:36","guid":{"rendered":"https:\/\/www.worte-die-bewegen.com%20\/?page_id=44"},"modified":"2025-10-21T12:03:13","modified_gmt":"2025-10-21T10:03:13","slug":"um-jahre-juenger-aussehen-schoene-haut-haare-naegel","status":"publish","type":"page","link":"https:\/\/www.worte-die-bewegen.com\/?page_id=44","title":{"rendered":"Tauf- und Willkommensfeier"},"content":{"rendered":"<p>Suchen Sie eine Alternative zur klassischen, kirchlichen Kindertaufe?<br data-start=\"520\" data-end=\"523\" \/>W\u00fcnschen Sie sich ein <strong data-start=\"545\" data-end=\"566\">Willkommensritual<\/strong>, das Ihr Kind in der Familie und in der Welt liebevoll willkommen hei\u00dft?<\/p>\n<p><!--more--><\/p>\n<p>Als <strong data-start=\"647\" data-end=\"665\">freie Rednerin<\/strong> begleite ich Sie und Ihre Familie mit einer <strong data-start=\"710\" data-end=\"760\">pers\u00f6nlichen und individuellen Segenszeremonie<\/strong>, die Ihr Kind, Sie als Eltern und Ihre Familie feierlich miteinander verbindet. Gemeinsam mit Angeh\u00f6rigen, Freunden und Paten k\u00f6nnen wir das Band der Liebe st\u00e4rken und die Geburt Ihres Kindes feiern.<\/p>\n<p><img loading=\"lazy\" decoding=\"async\" class=\"size-medium wp-image-880\" src=\"https:\/\/www.worte-die-bewegen.com\/wp-content\/uploads\/2022\/02\/Willkommensrednerin-1-300x300.jpg\" alt=\"Taufzeremonie\" width=\"300\" height=\"300\" srcset=\"https:\/\/www.worte-die-bewegen.com\/wp-content\/uploads\/2022\/02\/Willkommensrednerin-1-300x300.jpg 300w, https:\/\/www.worte-die-bewegen.com\/wp-content\/uploads\/2022\/02\/Willkommensrednerin-1-150x150.jpg 150w, https:\/\/www.worte-die-bewegen.com\/wp-content\/uploads\/2022\/02\/Willkommensrednerin-1-768x768.jpg 768w, https:\/\/www.worte-die-bewegen.com\/wp-content\/uploads\/2022\/02\/Willkommensrednerin-1-1024x1024.jpg 1024w, https:\/\/www.worte-die-bewegen.com\/wp-content\/uploads\/2022\/02\/Willkommensrednerin-1-330x330.jpg 330w, https:\/\/www.worte-die-bewegen.com\/wp-content\/uploads\/2022\/02\/Willkommensrednerin-1-96x96.jpg 96w, https:\/\/www.worte-die-bewegen.com\/wp-content\/uploads\/2022\/02\/Willkommensrednerin-1-648x648.jpg 648w, https:\/\/www.worte-die-bewegen.com\/wp-content\/uploads\/2022\/02\/Willkommensrednerin-1-1230x1230.jpg 1230w, https:\/\/www.worte-die-bewegen.com\/wp-content\/uploads\/2022\/02\/Willkommensrednerin-1-192x192.jpg 192w, https:\/\/www.worte-die-bewegen.com\/wp-content\/uploads\/2022\/02\/Willkommensrednerin-1.jpg 1920w\" sizes=\"auto, (max-width: 300px) 100vw, 300px\" \/><\/p>\n<h3 data-start=\"962\" data-end=\"1013\"><strong data-start=\"966\" data-end=\"1013\">Liebevolle Worte, Gl\u00fccksmomente &amp; Emotionen<\/strong><\/h3>\n<p data-start=\"1015\" data-end=\"1291\">Durch meine auf Sie und Ihre Familie abgestimmten Worte erleben Sie eine Rede voller <strong data-start=\"1100\" data-end=\"1151\">Gl\u00fccksmomente, Freude und ber\u00fchrender Emotionen<\/strong>.<\/p>\n<blockquote><p><em>\u201eIm Geleit von Licht und Liebe,<\/em><\/p>\n<p><em>Feuer, Wasser, Erde, Wind,<\/em><\/p>\n<p><em>kam auf Engelsschwingen tr\u00e4umend,<\/em><\/p>\n<p><em>aus weiter Ferne ein kleines Kind.\u201c<\/em><\/p><\/blockquote>\n<p data-start=\"1293\" data-end=\"1500\">Jeder von uns hat einen leiblichen Vater und eine leibliche Mutter, und wenn wir auf die Welt kommen, werden wir in eine Gemeinschaft geboren, die \u201eFamilie\u201c genannt wird und unsere gesamte Entwicklung pr\u00e4gt.<\/p>\n<h3 data-start=\"1502\" data-end=\"1539\"><strong data-start=\"1506\" data-end=\"1539\">Segenszeremonie &amp; freie Taufe<\/strong><\/h3>\n<p data-start=\"1541\" data-end=\"1701\">Wenn ein neues Leben das Licht dieser Welt erblickt, fragen wir uns oft:<br data-start=\"1613\" data-end=\"1616\" \/>Was m\u00f6chten wir unseren Kindern mitgeben? Welchen Weg m\u00f6chten wir f\u00fcr sie bereiten?<\/p>\n<p data-start=\"1703\" data-end=\"1976\">Eine <strong data-start=\"1708\" data-end=\"1745\">freie Taufe oder Willkommensfeier<\/strong> bietet eine <strong data-start=\"1758\" data-end=\"1796\">feierliche, segensreiche Zeremonie<\/strong>, in der Ihr Kind in der Gemeinschaft willkommen gehei\u00dfen wird. Die Zeremonie ist liebevoll gestaltet, tiefgr\u00fcndig und tr\u00e4gt dazu bei, Ihr Kind auf seinem Lebensweg zu best\u00e4rken.<\/p>\n<p data-start=\"1978\" data-end=\"2180\">Die Liebe und das Licht, die in einer <strong data-start=\"2016\" data-end=\"2035\">Segenszeremonie<\/strong> freigesetzt werden, st\u00e4rken Ihr Kind und die Familie \u2013 besonders in Zeiten von Herausforderungen und neuen Wegen, die das Leben mit sich bringt.<\/p>\n<h3 data-start=\"2182\" data-end=\"2235\"><strong data-start=\"2186\" data-end=\"2235\">Ihr Kind sicher, geborgen &amp; geliebt begleiten<\/strong><\/h3>\n<p data-start=\"2237\" data-end=\"2491\">Ich freue mich, Sie auf diesem besonderen Weg als Rednerin zu begleiten und ein <strong data-start=\"2317\" data-end=\"2346\">Netz der Liebe zu kn\u00fcpfen<\/strong>, in dem Ihr Kind sich sicher, geborgen, geliebt und getragen f\u00fchlt.<br data-start=\"2414\" data-end=\"2417\" \/>So erh\u00e4lt es eine stabile, liebevolle Basis f\u00fcr seinen weiteren Lebensweg.<\/p>\n","protected":false},"excerpt":{"rendered":"<p>Suchen Sie eine Alternative zur klassischen, kirchlichen Kindertaufe?W\u00fcnschen Sie sich ein Willkommensritual, das Ihr Kind in der Familie und in der Welt liebevoll willkommen hei\u00dft?<\/p>\n","protected":false},"author":1,"featured_media":851,"parent":12,"menu_order":1,"comment_status":"closed","ping_status":"closed","template":"page-templates\/full-width-page.php","meta":{"footnotes":""},"class_list":["post-44","page","type-page","status-publish","has-post-thumbnail","hentry"],"jetpack_sharing_enabled":true,"_links":{"self":[{"href":"https:\/\/www.worte-die-bewegen.com\/index.php?rest_route=\/wp\/v2\/pages\/44","targetHints":{"allow":["GET"]}}],"collection":[{"href":"https:\/\/www.worte-die-bewegen.com\/index.php?rest_route=\/wp\/v2\/pages"}],"about":[{"href":"https:\/\/www.worte-die-bewegen.com\/index.php?rest_route=\/wp\/v2\/types\/page"}],"author":[{"embeddable":true,"href":"https:\/\/www.worte-die-bewegen.com\/index.php?rest_route=\/wp\/v2\/users\/1"}],"replies":[{"embeddable":true,"href":"https:\/\/www.worte-die-bewegen.com\/index.php?rest_route=%2Fwp%2Fv2%2Fcomments&post=44"}],"version-history":[{"count":33,"href":"https:\/\/www.worte-die-bewegen.com\/index.php?rest_route=\/wp\/v2\/pages\/44\/revisions"}],"predecessor-version":[{"id":1053,"href":"https:\/\/www.worte-die-bewegen.com\/index.php?rest_route=\/wp\/v2\/pages\/44\/revisions\/1053"}],"up":[{"embeddable":true,"href":"https:\/\/www.worte-die-bewegen.com\/index.php?rest_route=\/wp\/v2\/pages\/12"}],"wp:featuredmedia":[{"embeddable":true,"href":"https:\/\/www.worte-die-bewegen.com\/index.php?rest_route=\/wp\/v2\/media\/851"}],"wp:attachment":[{"href":"https:\/\/www.worte-die-bewegen.com\/index.php?rest_route=%2Fwp%2Fv2%2Fmedia&parent=44"}],"curies":[{"name":"wp","href":"https:\/\/api.w.org\/{rel}","templated":true}]}}