{"id":151,"date":"2017-03-05T09:48:44","date_gmt":"2017-03-05T08:48:44","guid":{"rendered":"https:\/\/www.worte-die-bewegen.com%20\/?page_id=151"},"modified":"2023-08-06T16:06:30","modified_gmt":"2023-08-06T14:06:30","slug":"kontakt-impressum","status":"publish","type":"page","link":"https:\/\/www.worte-die-bewegen.com\/?page_id=151","title":{"rendered":"Kontakt"},"content":{"rendered":"<p>Sie brauchen eine empathische, gef\u00fchlvolle Rednerin in W\u00fcrzburg oder dem Landkreis W\u00fcrzburg? Nutzen Sie mein Kontaktformular oder melden Sie sich unter:<\/p>\n<p><span style=\"color: #000000;\">Festnetz: 09302-5421922<\/span><br \/>\n<span style=\"color: #000000;\"> Mobil: 0176-24109763<\/span>.<\/p>\n<p><span style=\"color: #000000;\"><strong><img loading=\"lazy\" decoding=\"async\" class=\"alignnone size-full wp-image-714\" src=\"https:\/\/www.worte-die-bewegen.com\/wp-content\/uploads\/2017\/03\/Agnes-Mzyk_Profilbild_250x250.jpg\" alt=\"\" width=\"250\" height=\"250\" srcset=\"https:\/\/www.worte-die-bewegen.com\/wp-content\/uploads\/2017\/03\/Agnes-Mzyk_Profilbild_250x250.jpg 250w, https:\/\/www.worte-die-bewegen.com\/wp-content\/uploads\/2017\/03\/Agnes-Mzyk_Profilbild_250x250-150x150.jpg 150w, https:\/\/www.worte-die-bewegen.com\/wp-content\/uploads\/2017\/03\/Agnes-Mzyk_Profilbild_250x250-96x96.jpg 96w, https:\/\/www.worte-die-bewegen.com\/wp-content\/uploads\/2017\/03\/Agnes-Mzyk_Profilbild_250x250-192x192.jpg 192w\" sizes=\"auto, (max-width: 250px) 100vw, 250px\" \/><\/strong><\/span><span style=\"color: #000000;\"><br \/>\n<\/span><\/p>\n<p><span style=\"color: #000000;\">Agnes Mzyk<br \/>\nFreie Rednerin, Life Coach<br \/>\nNordring 12<br \/>\n97228 Rottendorf<\/span><\/p>\n<h5>&nbsp;<img loading=\"lazy\" decoding=\"async\" class=\"alignnone size-medium wp-image-937\" src=\"https:\/\/www.worte-die-bewegen.com\/wp-content\/uploads\/2022\/08\/Visitenkarte-Agnes-Mzyk-Freie-Rednerin-271x300.jpg\" alt=\"\" width=\"271\" height=\"300\" srcset=\"https:\/\/www.worte-die-bewegen.com\/wp-content\/uploads\/2022\/08\/Visitenkarte-Agnes-Mzyk-Freie-Rednerin-271x300.jpg 271w, https:\/\/www.worte-die-bewegen.com\/wp-content\/uploads\/2022\/08\/Visitenkarte-Agnes-Mzyk-Freie-Rednerin-768x849.jpg 768w, https:\/\/www.worte-die-bewegen.com\/wp-content\/uploads\/2022\/08\/Visitenkarte-Agnes-Mzyk-Freie-Rednerin-926x1024.jpg 926w, https:\/\/www.worte-die-bewegen.com\/wp-content\/uploads\/2022\/08\/Visitenkarte-Agnes-Mzyk-Freie-Rednerin-648x716.jpg 648w, https:\/\/www.worte-die-bewegen.com\/wp-content\/uploads\/2022\/08\/Visitenkarte-Agnes-Mzyk-Freie-Rednerin-174x192.jpg 174w, https:\/\/www.worte-die-bewegen.com\/wp-content\/uploads\/2022\/08\/Visitenkarte-Agnes-Mzyk-Freie-Rednerin.jpg 1080w\" sizes=\"auto, (max-width: 271px) 100vw, 271px\" \/><\/h5>\n<p>&nbsp;<\/p>\n<h5>Kontaktformular<\/h5>\n\n<div class=\"wpcf7 no-js\" id=\"wpcf7-f171-o1\" lang=\"de-DE\" dir=\"ltr\" data-wpcf7-id=\"171\">\n<div class=\"screen-reader-response\"><p role=\"status\" aria-live=\"polite\" aria-atomic=\"true\"><\/p> <ul><\/ul><\/div>\n<form action=\"\/index.php?rest_route=%2Fwp%2Fv2%2Fpages%2F151#wpcf7-f171-o1\" method=\"post\" class=\"wpcf7-form init\" aria-label=\"Kontaktformular\" novalidate=\"novalidate\" data-status=\"init\">\n<fieldset class=\"hidden-fields-container\"><input type=\"hidden\" name=\"_wpcf7\" value=\"171\" \/><input type=\"hidden\" name=\"_wpcf7_version\" value=\"6.1.5\" \/><input type=\"hidden\" name=\"_wpcf7_locale\" value=\"de_DE\" \/><input type=\"hidden\" name=\"_wpcf7_unit_tag\" value=\"wpcf7-f171-o1\" \/><input type=\"hidden\" name=\"_wpcf7_container_post\" value=\"0\" \/><input type=\"hidden\" name=\"_wpcf7_posted_data_hash\" value=\"\" \/><input type=\"hidden\" name=\"_wpcf7_recaptcha_response\" value=\"\" \/>\n<\/fieldset>\n<p><label> Ihr Name (erforderlich)<br \/>\n<span class=\"wpcf7-form-control-wrap\" data-name=\"your-name\"><input size=\"40\" maxlength=\"400\" class=\"wpcf7-form-control wpcf7-text wpcf7-validates-as-required\" aria-required=\"true\" aria-invalid=\"false\" value=\"\" type=\"text\" name=\"your-name\" \/><\/span> <\/label>\n<\/p>\n<p><label> Ihre e-Mail Adresse (erforderlich)<br \/>\n<span class=\"wpcf7-form-control-wrap\" data-name=\"your-email\"><input size=\"40\" maxlength=\"400\" class=\"wpcf7-form-control wpcf7-email wpcf7-validates-as-required wpcf7-text wpcf7-validates-as-email\" aria-required=\"true\" aria-invalid=\"false\" value=\"\" type=\"email\" name=\"your-email\" \/><\/span> <\/label>\n<\/p>\n<p><label> Betreff<br \/>\n<span class=\"wpcf7-form-control-wrap\" data-name=\"your-subject\"><input size=\"40\" maxlength=\"400\" class=\"wpcf7-form-control wpcf7-text\" aria-invalid=\"false\" value=\"\" type=\"text\" name=\"your-subject\" \/><\/span> <\/label>\n<\/p>\n<p><label> Ihre Nachricht<br \/>\n<span class=\"wpcf7-form-control-wrap\" data-name=\"your-message\"><textarea cols=\"40\" rows=\"10\" maxlength=\"2000\" class=\"wpcf7-form-control wpcf7-textarea\" aria-invalid=\"false\" name=\"your-message\"><\/textarea><\/span> <\/label>\n<\/p>\n<p><span class=\"wpcf7-form-control-wrap\" data-name=\"acceptance-122\"><span class=\"wpcf7-form-control wpcf7-acceptance\"><span class=\"wpcf7-list-item\"><input type=\"checkbox\" name=\"acceptance-122\" value=\"1\" aria-invalid=\"false\" \/><\/span><\/span><\/span> Mit dem Absenden des Kontakformulars bist du mit unseren <a href=\"https:\/\/www.worte-die-bewegen.com \/?p=380\" target=\"_blank\" rel=\"noopener\">Datenschutzbestimmungen<\/a> einverstanden.\n<\/p>\n<p><input class=\"wpcf7-form-control wpcf7-submit has-spinner\" type=\"submit\" value=\"senden\" \/>\n<\/p><p style=\"display: none !important;\" class=\"akismet-fields-container\" data-prefix=\"_wpcf7_ak_\"><label>&#916;<textarea name=\"_wpcf7_ak_hp_textarea\" cols=\"45\" rows=\"8\" maxlength=\"100\"><\/textarea><\/label><input type=\"hidden\" id=\"ak_js_1\" name=\"_wpcf7_ak_js\" value=\"178\"\/><script>document.getElementById( \"ak_js_1\" ).setAttribute( \"value\", ( new Date() ).getTime() );<\/script><\/p><div class=\"wpcf7-response-output\" aria-hidden=\"true\"><\/div>\n<\/form>\n<\/div>\n\n","protected":false},"excerpt":{"rendered":"<p>Sie brauchen eine empathische, gef\u00fchlvolle Rednerin in W\u00fcrzburg oder dem Landkreis W\u00fcrzburg? Nutzen Sie mein Kontaktformular oder melden Sie sich unter: Festnetz: 09302-5421922 Mobil: 0176-24109763. Agnes Mzyk Freie Rednerin, Life Coach Nordring 12 97228 Rottendorf &nbsp; &nbsp; Kontaktformular<\/p>\n","protected":false},"author":1,"featured_media":858,"parent":12,"menu_order":99,"comment_status":"closed","ping_status":"closed","template":"page-templates\/full-width-page.php","meta":{"footnotes":""},"class_list":["post-151","page","type-page","status-publish","has-post-thumbnail","hentry"],"jetpack_sharing_enabled":true,"_links":{"self":[{"href":"https:\/\/www.worte-die-bewegen.com\/index.php?rest_route=\/wp\/v2\/pages\/151","targetHints":{"allow":["GET"]}}],"collection":[{"href":"https:\/\/www.worte-die-bewegen.com\/index.php?rest_route=\/wp\/v2\/pages"}],"about":[{"href":"https:\/\/www.worte-die-bewegen.com\/index.php?rest_route=\/wp\/v2\/types\/page"}],"author":[{"embeddable":true,"href":"https:\/\/www.worte-die-bewegen.com\/index.php?rest_route=\/wp\/v2\/users\/1"}],"replies":[{"embeddable":true,"href":"https:\/\/www.worte-die-bewegen.com\/index.php?rest_route=%2Fwp%2Fv2%2Fcomments&post=151"}],"version-history":[{"count":49,"href":"https:\/\/www.worte-die-bewegen.com\/index.php?rest_route=\/wp\/v2\/pages\/151\/revisions"}],"predecessor-version":[{"id":945,"href":"https:\/\/www.worte-die-bewegen.com\/index.php?rest_route=\/wp\/v2\/pages\/151\/revisions\/945"}],"up":[{"embeddable":true,"href":"https:\/\/www.worte-die-bewegen.com\/index.php?rest_route=\/wp\/v2\/pages\/12"}],"wp:featuredmedia":[{"embeddable":true,"href":"https:\/\/www.worte-die-bewegen.com\/index.php?rest_route=\/wp\/v2\/media\/858"}],"wp:attachment":[{"href":"https:\/\/www.worte-die-bewegen.com\/index.php?rest_route=%2Fwp%2Fv2%2Fmedia&parent=151"}],"curies":[{"name":"wp","href":"https:\/\/api.w.org\/{rel}","templated":true}]}}