{"id":148,"date":"2017-03-05T09:44:17","date_gmt":"2017-03-05T08:44:17","guid":{"rendered":"https:\/\/www.worte-die-bewegen.com%20\/?page_id=148"},"modified":"2025-10-22T17:57:44","modified_gmt":"2025-10-22T15:57:44","slug":"fitness-und-vitalitaet","status":"publish","type":"page","link":"https:\/\/www.worte-die-bewegen.com\/?page_id=148","title":{"rendered":"Freie Trauung und Hochzeitsreden"},"content":{"rendered":"<p>W\u00fcnschen Sie sich f\u00fcr Ihre Hochzeit eine <strong data-start=\"544\" data-end=\"590\">pers\u00f6nliche und individuelle Freie Trauung<\/strong> \u2013 voller Herz, Tiefe und Bedeutung?<\/p>\n<p><!--more--><\/p>\n<p data-start=\"896\" data-end=\"932\">Als <strong data-start=\"633\" data-end=\"671\">Traurednerin und Hochzeitsrednerin<\/strong> erz\u00e4hle ich Ihre eigene Liebesgeschichte in Worten, die ber\u00fchren und verbinden.<br data-start=\"751\" data-end=\"754\" \/>Mit Achtsamkeit, Empathie und einem feinen Gesp\u00fcr f\u00fcr Ihre gemeinsame Energie gestalte ich eine <strong data-start=\"850\" data-end=\"867\">Trauzeremonie<\/strong>, die genau zu Ihnen passt.<\/p>\n<h3 data-start=\"896\" data-end=\"932\"><strong data-start=\"900\" data-end=\"932\">Ihre Liebe \u2013 Ihre Geschichte<\/strong><\/h3>\n<p data-start=\"934\" data-end=\"1274\">Jedes Paar hat sein eigenes Wesen, eine gemeinsame Geschichte und viele kleine Dinge, die es verbinden.<br data-start=\"1037\" data-end=\"1040\" \/>In meiner Rede und Segenszeremonie sind <strong data-start=\"1080\" data-end=\"1119\">Sie selbst meine gr\u00f6\u00dfte Inspiration<\/strong> \u2013 Ihre Liebe, Ihr Lachen, Ihr gemeinsamer Weg.<\/p>\n<p><img loading=\"lazy\" decoding=\"async\" class=\"size-medium wp-image-884\" src=\"https:\/\/www.worte-die-bewegen.com\/wp-content\/uploads\/2022\/02\/Traurednerin-1-300x225.jpg\" alt=\"Freie Trauung\" width=\"300\" height=\"225\" srcset=\"https:\/\/www.worte-die-bewegen.com\/wp-content\/uploads\/2022\/02\/Traurednerin-1-300x225.jpg 300w, https:\/\/www.worte-die-bewegen.com\/wp-content\/uploads\/2022\/02\/Traurednerin-1-768x576.jpg 768w, https:\/\/www.worte-die-bewegen.com\/wp-content\/uploads\/2022\/02\/Traurednerin-1-1024x768.jpg 1024w, https:\/\/www.worte-die-bewegen.com\/wp-content\/uploads\/2022\/02\/Traurednerin-1-648x486.jpg 648w, https:\/\/www.worte-die-bewegen.com\/wp-content\/uploads\/2022\/02\/Traurednerin-1-256x192.jpg 256w, https:\/\/www.worte-die-bewegen.com\/wp-content\/uploads\/2022\/02\/Traurednerin-1.jpg 1280w\" sizes=\"auto, (max-width: 300px) 100vw, 300px\" \/><\/p>\n<p data-start=\"934\" data-end=\"1274\">Ich richte mich bei <strong data-start=\"1189\" data-end=\"1230\">Ritualen, Eheversprechen und Symbolen<\/strong> ganz nach Ihren W\u00fcnschen und Vorstellungen.<\/p>\n<p data-start=\"1276\" data-end=\"1585\">Ob Sie sich nach vielen gemeinsamen Jahren ein weiteres Mal von Herzen <strong data-start=\"1347\" data-end=\"1353\">Ja<\/strong> zueinander sagen m\u00f6chten, Ihre <strong data-start=\"1385\" data-end=\"1402\">freie Trauung<\/strong> als <strong data-start=\"1407\" data-end=\"1449\">alternative oder spirituelle Zeremonie<\/strong> w\u00fcnschen oder sich einfach Worte w\u00fcnschen, die Ihre Verbindung f\u00fchlbar machen \u2013 ich begleite Sie mit Liebe, Respekt und offenem Herzen.<\/p>\n<h3 data-start=\"1587\" data-end=\"1624\"><strong data-start=\"1591\" data-end=\"1624\">Individuell. Frei. Verbunden.<\/strong><\/h3>\n<p data-start=\"1626\" data-end=\"1826\">Ob altbew\u00e4hrte Rituale, neue Wege oder eine harmonische Verbindung aus Tradition und Moderne \u2013 jede Zeremonie darf so gestaltet sein, wie Sie als Paar sind:<br data-start=\"1782\" data-end=\"1785\" \/>authentisch, lebendig und voller Seele.<\/p>\n<p data-start=\"1828\" data-end=\"1955\">Ich freue mich darauf, Ihre Liebe in Worte zu fassen und Ihren gro\u00dfen Tag mit einer Rede zu bereichern, die im Herzen bleibt.<\/p>\n<p><em>\u201eDie Liebe allein versteht das Geheimnis, andere zu beschenken und dabei selbst reich zu werden.\u201c<\/em><\/p>\n<p><em>(Clemens Brentano)<\/em><\/p>\n","protected":false},"excerpt":{"rendered":"<p>W\u00fcnschen Sie sich f\u00fcr Ihre Hochzeit eine pers\u00f6nliche und individuelle Freie Trauung \u2013 voller Herz, Tiefe und Bedeutung?<\/p>\n","protected":false},"author":1,"featured_media":850,"parent":12,"menu_order":2,"comment_status":"closed","ping_status":"closed","template":"page-templates\/full-width-page.php","meta":{"footnotes":""},"class_list":["post-148","page","type-page","status-publish","has-post-thumbnail","hentry"],"jetpack_sharing_enabled":true,"_links":{"self":[{"href":"https:\/\/www.worte-die-bewegen.com\/index.php?rest_route=\/wp\/v2\/pages\/148","targetHints":{"allow":["GET"]}}],"collection":[{"href":"https:\/\/www.worte-die-bewegen.com\/index.php?rest_route=\/wp\/v2\/pages"}],"about":[{"href":"https:\/\/www.worte-die-bewegen.com\/index.php?rest_route=\/wp\/v2\/types\/page"}],"author":[{"embeddable":true,"href":"https:\/\/www.worte-die-bewegen.com\/index.php?rest_route=\/wp\/v2\/users\/1"}],"replies":[{"embeddable":true,"href":"https:\/\/www.worte-die-bewegen.com\/index.php?rest_route=%2Fwp%2Fv2%2Fcomments&post=148"}],"version-history":[{"count":36,"href":"https:\/\/www.worte-die-bewegen.com\/index.php?rest_route=\/wp\/v2\/pages\/148\/revisions"}],"predecessor-version":[{"id":1064,"href":"https:\/\/www.worte-die-bewegen.com\/index.php?rest_route=\/wp\/v2\/pages\/148\/revisions\/1064"}],"up":[{"embeddable":true,"href":"https:\/\/www.worte-die-bewegen.com\/index.php?rest_route=\/wp\/v2\/pages\/12"}],"wp:featuredmedia":[{"embeddable":true,"href":"https:\/\/www.worte-die-bewegen.com\/index.php?rest_route=\/wp\/v2\/media\/850"}],"wp:attachment":[{"href":"https:\/\/www.worte-die-bewegen.com\/index.php?rest_route=%2Fwp%2Fv2%2Fmedia&parent=148"}],"curies":[{"name":"wp","href":"https:\/\/api.w.org\/{rel}","templated":true}]}}