{"id":128,"date":"2017-03-03T19:44:42","date_gmt":"2017-03-03T18:44:42","guid":{"rendered":"https:\/\/www.worte-die-bewegen.com%20\/?page_id=128"},"modified":"2025-10-21T12:36:05","modified_gmt":"2025-10-21T10:36:05","slug":"gesundheits-und-ernaehrungsberatung","status":"publish","type":"page","link":"https:\/\/www.worte-die-bewegen.com\/?page_id=128","title":{"rendered":"Redenschreiben &amp; individuelle Texte"},"content":{"rendered":"<p data-start=\"471\" data-end=\"714\">Ihnen fehlen die Worte?<br data-start=\"494\" data-end=\"497\" \/>Wenn Sie Ihre Rede selbst halten m\u00f6chten, aber <strong data-start=\"544\" data-end=\"579\">keine Zeit f\u00fcr die Ausarbeitung<\/strong> haben oder diese Aufgabe lieber einer <strong data-start=\"618\" data-end=\"666\">professionellen Redenschreiberin und Autorin<\/strong> \u00fcberlassen m\u00f6chten, sind Sie bei mir richtig!<\/p>\n<p data-start=\"716\" data-end=\"962\">Ich beherrsche das Handwerk des Schreibens und habe gro\u00dfe Freude daran, <strong data-start=\"788\" data-end=\"870\">Texte zu verfassen, die ber\u00fchren, zu Herzen gehen und Emotionen transportieren<\/strong>. Gerne helfe ich Ihnen, Ihre Worte in <strong data-start=\"909\" data-end=\"947\">pers\u00f6nliche, ausdrucksstarke Reden<\/strong> zu verwandeln.<\/p>\n<p><!--more--><\/p>\n<h3 data-start=\"964\" data-end=\"988\"><strong data-start=\"968\" data-end=\"988\">Meine Leistungen<\/strong><\/h3>\n<p data-start=\"990\" data-end=\"1036\">Dar\u00fcber hinaus schreibe ich mit viel Gef\u00fchl:<\/p>\n<ul data-start=\"1037\" data-end=\"1157\">\n<li data-start=\"1037\" data-end=\"1077\">\n<p data-start=\"1039\" data-end=\"1077\"><strong data-start=\"1039\" data-end=\"1075\">Biografien und Lebensgeschichten<\/strong><\/p>\n<\/li>\n<li data-start=\"1078\" data-end=\"1105\">\n<p data-start=\"1080\" data-end=\"1105\"><strong data-start=\"1080\" data-end=\"1103\">Familiengeschichten<\/strong><\/p>\n<\/li>\n<li data-start=\"1106\" data-end=\"1157\">\n<p data-start=\"1108\" data-end=\"1157\"><strong data-start=\"1108\" data-end=\"1155\">Firmengeschichten und Unternehmenschroniken<\/strong><\/p>\n<\/li>\n<\/ul>\n<p data-start=\"1159\" data-end=\"1221\">Weitere Beispiele f\u00fcr Texte, die ich f\u00fcr Sie gestalten kann:<\/p>\n<ul data-start=\"1222\" data-end=\"1344\">\n<li data-start=\"1222\" data-end=\"1240\">\n<p data-start=\"1224\" data-end=\"1240\">Heiratsantr\u00e4ge<\/p>\n<\/li>\n<li data-start=\"1241\" data-end=\"1257\">\n<p data-start=\"1243\" data-end=\"1257\">Liebesbriefe<\/p>\n<\/li>\n<li data-start=\"1258\" data-end=\"1278\">\n<p data-start=\"1260\" data-end=\"1278\">Entschuldigungen<\/p>\n<\/li>\n<li data-start=\"1279\" data-end=\"1344\">\n<p data-start=\"1281\" data-end=\"1344\">Einladungen zu Hochzeiten, Taufen oder anderen Familienfeiern<\/p>\n<\/li>\n<\/ul>\n<p data-start=\"1346\" data-end=\"1639\">Ob wenige Seiten oder ein kleines B\u00fcchlein: Ich texte <strong data-start=\"1400\" data-end=\"1467\">kreativ Ihre Lebensthemen, Liebesthemen oder beruflichen Themen<\/strong>, sodass Ihre Worte <strong data-start=\"1487\" data-end=\"1531\">wirkungsvoll, authentisch und einpr\u00e4gsam<\/strong> werden. Mein Ziel ist es, Ihnen zu Erfolg, zu einem Ja-Wort oder zu einer erf\u00fcllten Beziehung zu verhelfen.<\/p>\n","protected":false},"excerpt":{"rendered":"<p>Ihnen fehlen die Worte?Wenn Sie Ihre Rede selbst halten m\u00f6chten, aber keine Zeit f\u00fcr die Ausarbeitung haben oder diese Aufgabe lieber einer professionellen Redenschreiberin und Autorin \u00fcberlassen m\u00f6chten, sind Sie bei mir richtig! Ich beherrsche das Handwerk des Schreibens und habe gro\u00dfe Freude daran, Texte zu verfassen, die ber\u00fchren, zu Herzen gehen und Emotionen transportieren. &hellip; <a href=\"https:\/\/www.worte-die-bewegen.com\/?page_id=128\" class=\"more-link\"><span class=\"screen-reader-text\">Redenschreiben &amp; individuelle Texte<\/span> weiterlesen<\/a><\/p>\n","protected":false},"author":1,"featured_media":529,"parent":12,"menu_order":10,"comment_status":"closed","ping_status":"closed","template":"page-templates\/full-width-page.php","meta":{"footnotes":""},"class_list":["post-128","page","type-page","status-publish","has-post-thumbnail","hentry"],"jetpack_sharing_enabled":true,"_links":{"self":[{"href":"https:\/\/www.worte-die-bewegen.com\/index.php?rest_route=\/wp\/v2\/pages\/128","targetHints":{"allow":["GET"]}}],"collection":[{"href":"https:\/\/www.worte-die-bewegen.com\/index.php?rest_route=\/wp\/v2\/pages"}],"about":[{"href":"https:\/\/www.worte-die-bewegen.com\/index.php?rest_route=\/wp\/v2\/types\/page"}],"author":[{"embeddable":true,"href":"https:\/\/www.worte-die-bewegen.com\/index.php?rest_route=\/wp\/v2\/users\/1"}],"replies":[{"embeddable":true,"href":"https:\/\/www.worte-die-bewegen.com\/index.php?rest_route=%2Fwp%2Fv2%2Fcomments&post=128"}],"version-history":[{"count":31,"href":"https:\/\/www.worte-die-bewegen.com\/index.php?rest_route=\/wp\/v2\/pages\/128\/revisions"}],"predecessor-version":[{"id":1061,"href":"https:\/\/www.worte-die-bewegen.com\/index.php?rest_route=\/wp\/v2\/pages\/128\/revisions\/1061"}],"up":[{"embeddable":true,"href":"https:\/\/www.worte-die-bewegen.com\/index.php?rest_route=\/wp\/v2\/pages\/12"}],"wp:featuredmedia":[{"embeddable":true,"href":"https:\/\/www.worte-die-bewegen.com\/index.php?rest_route=\/wp\/v2\/media\/529"}],"wp:attachment":[{"href":"https:\/\/www.worte-die-bewegen.com\/index.php?rest_route=%2Fwp%2Fv2%2Fmedia&parent=128"}],"curies":[{"name":"wp","href":"https:\/\/api.w.org\/{rel}","templated":true}]}}