{"id":12,"date":"2017-02-05T10:58:40","date_gmt":"2017-02-05T09:58:40","guid":{"rendered":"https:\/\/www.worte-die-bewegen.com%20\/?page_id=12"},"modified":"2025-10-17T10:09:30","modified_gmt":"2025-10-17T08:09:30","slug":"hier-steht-der-titel-des-beitrages","status":"publish","type":"page","link":"https:\/\/www.worte-die-bewegen.com\/","title":{"rendered":"Agnes Mzyk, Freie Rednerin in W\u00fcrzburg und Mainfranken"},"content":{"rendered":"<p><img loading=\"lazy\" decoding=\"async\" class=\"size-medium wp-image-840 aligncenter\" src=\"https:\/\/www.worte-die-bewegen.com\/wp-content\/uploads\/2022\/02\/254925773_478355076835406_2484132070760347307_n-200x300.jpg\" alt=\"\" width=\"200\" height=\"300\" srcset=\"https:\/\/www.worte-die-bewegen.com\/wp-content\/uploads\/2022\/02\/254925773_478355076835406_2484132070760347307_n-200x300.jpg 200w, https:\/\/www.worte-die-bewegen.com\/wp-content\/uploads\/2022\/02\/254925773_478355076835406_2484132070760347307_n-768x1151.jpg 768w, https:\/\/www.worte-die-bewegen.com\/wp-content\/uploads\/2022\/02\/254925773_478355076835406_2484132070760347307_n-683x1024.jpg 683w, https:\/\/www.worte-die-bewegen.com\/wp-content\/uploads\/2022\/02\/254925773_478355076835406_2484132070760347307_n-648x972.jpg 648w, https:\/\/www.worte-die-bewegen.com\/wp-content\/uploads\/2022\/02\/254925773_478355076835406_2484132070760347307_n-128x192.jpg 128w, https:\/\/www.worte-die-bewegen.com\/wp-content\/uploads\/2022\/02\/254925773_478355076835406_2484132070760347307_n.jpg 1366w\" sizes=\"auto, (max-width: 200px) 100vw, 200px\" \/><\/p>\n<p data-start=\"527\" data-end=\"878\">Als <strong data-start=\"531\" data-end=\"622\">freie Rednerin f\u00fcr Hochzeit, Geburt, Taufe, Trauerfeier, Familienfeier oder Firmenfeier<\/strong> gestalte ich mit Ihnen gemeinsam einzigartige, pers\u00f6nliche und ber\u00fchrende Zeremonien.<br data-start=\"708\" data-end=\"711\" \/>Im Laufe unseres Lebens erleben wir viele besondere Momente \u2013 ich helfe Ihnen, diese mit einer passenden Rede zu feiern, zu w\u00fcrdigen oder liebevoll Abschied zu nehmen.<\/p>\n<p data-start=\"880\" data-end=\"1086\">Als <strong data-start=\"884\" data-end=\"945\">Hochzeitsrednerin, Willkommensrednerin und Trauerrednerin<\/strong> begleite ich Sie mit <strong data-start=\"967\" data-end=\"1019\">empathischen, gef\u00fchlvollen und intuitiven Worten<\/strong>, die von Herzen kommen und Ihre Geschichte lebendig werden lassen.<\/p>\n<p data-start=\"1088\" data-end=\"1381\">Neben der Gestaltung von Zeremonien biete ich auch <strong data-start=\"1139\" data-end=\"1185\">Trauerbegleitung und spirituelle Seelsorge<\/strong> an \u2013 einf\u00fchlsam, unterst\u00fctzend und \u00fcberregional. Auch nach einer Trennung oder in Zeiten innerer Ver\u00e4nderung bin ich f\u00fcr Sie da, um Ihnen eine Stimme zu geben, wenn Ihnen selbst die Worte fehlen.<\/p>\n<p data-start=\"1383\" data-end=\"1710\">Wenn Sie <strong data-start=\"1392\" data-end=\"1427\">eine Rede selbst halten m\u00f6chten<\/strong>, aber Hilfe beim Schreiben oder Formulieren brauchen, <strong data-start=\"1482\" data-end=\"1541\">texte ich kreativ und individuell Ihre pers\u00f6nliche Rede<\/strong> \u2013 f\u00fcr Trauerfeiern, Hochzeiten, Taufen oder besondere Lebensreden. So bringen wir gemeinsam Ihr Anliegen authentisch, wirkungsvoll und mit sch\u00f6nen Worten auf den Punkt.<\/p>\n<p data-start=\"1712\" data-end=\"1815\">Ich freue mich auf Ihre Anfrage!<br data-start=\"1744\" data-end=\"1747\" \/><strong data-start=\"1747\" data-end=\"1815\">Telefon: 09302-5421922 \u2013 Freie Rednerin in W\u00fcrzburg und Umgebung<\/strong><\/p>\n<p style=\"text-align: center;\"><img loading=\"lazy\" decoding=\"async\" class=\"alignnone size-full wp-image-1006\" src=\"https:\/\/www.worte-die-bewegen.com\/wp-content\/uploads\/2024\/06\/badge2-200x200-1.png\" alt=\"Traucheck\" width=\"200\" height=\"200\" srcset=\"https:\/\/www.worte-die-bewegen.com\/wp-content\/uploads\/2024\/06\/badge2-200x200-1.png 200w, https:\/\/www.worte-die-bewegen.com\/wp-content\/uploads\/2024\/06\/badge2-200x200-1-150x150.png 150w, https:\/\/www.worte-die-bewegen.com\/wp-content\/uploads\/2024\/06\/badge2-200x200-1-96x96.png 96w, https:\/\/www.worte-die-bewegen.com\/wp-content\/uploads\/2024\/06\/badge2-200x200-1-192x192.png 192w\" sizes=\"auto, (max-width: 200px) 100vw, 200px\" \/><\/p>\n<p style=\"padding-left: 270px;\">\u00a0<\/p>\n\n\n<p><\/p>\n","protected":false},"excerpt":{"rendered":"<p>Als freie Rednerin f\u00fcr Hochzeit, Geburt, Taufe, Trauerfeier, Familienfeier oder Firmenfeier gestalte ich mit Ihnen gemeinsam einzigartige, pers\u00f6nliche und ber\u00fchrende Zeremonien.Im Laufe unseres Lebens erleben wir viele besondere Momente \u2013 ich helfe Ihnen, diese mit einer passenden Rede zu feiern, zu w\u00fcrdigen oder liebevoll Abschied zu nehmen. Als Hochzeitsrednerin, Willkommensrednerin und Trauerrednerin begleite ich Sie &hellip; <a href=\"https:\/\/www.worte-die-bewegen.com\/\" class=\"more-link\"><span class=\"screen-reader-text\">Agnes Mzyk, Freie Rednerin in W\u00fcrzburg und Mainfranken<\/span> weiterlesen<\/a><\/p>\n","protected":false},"author":1,"featured_media":766,"parent":0,"menu_order":0,"comment_status":"closed","ping_status":"closed","template":"page-templates\/grid-page.php","meta":{"footnotes":""},"class_list":["post-12","page","type-page","status-publish","has-post-thumbnail","hentry"],"jetpack_sharing_enabled":true,"_links":{"self":[{"href":"https:\/\/www.worte-die-bewegen.com\/index.php?rest_route=\/wp\/v2\/pages\/12","targetHints":{"allow":["GET"]}}],"collection":[{"href":"https:\/\/www.worte-die-bewegen.com\/index.php?rest_route=\/wp\/v2\/pages"}],"about":[{"href":"https:\/\/www.worte-die-bewegen.com\/index.php?rest_route=\/wp\/v2\/types\/page"}],"author":[{"embeddable":true,"href":"https:\/\/www.worte-die-bewegen.com\/index.php?rest_route=\/wp\/v2\/users\/1"}],"replies":[{"embeddable":true,"href":"https:\/\/www.worte-die-bewegen.com\/index.php?rest_route=%2Fwp%2Fv2%2Fcomments&post=12"}],"version-history":[{"count":53,"href":"https:\/\/www.worte-die-bewegen.com\/index.php?rest_route=\/wp\/v2\/pages\/12\/revisions"}],"predecessor-version":[{"id":1039,"href":"https:\/\/www.worte-die-bewegen.com\/index.php?rest_route=\/wp\/v2\/pages\/12\/revisions\/1039"}],"wp:featuredmedia":[{"embeddable":true,"href":"https:\/\/www.worte-die-bewegen.com\/index.php?rest_route=\/wp\/v2\/media\/766"}],"wp:attachment":[{"href":"https:\/\/www.worte-die-bewegen.com\/index.php?rest_route=%2Fwp%2Fv2%2Fmedia&parent=12"}],"curies":[{"name":"wp","href":"https:\/\/api.w.org\/{rel}","templated":true}]}}